{"id":488,"date":"2025-07-18T20:38:51","date_gmt":"2025-07-18T18:38:51","guid":{"rendered":"https:\/\/futurone.you2.pl\/?post_type=product&#038;p=488"},"modified":"2025-09-02T20:26:23","modified_gmt":"2025-09-02T18:26:23","slug":"futurone-thermo-guard","status":"publish","type":"product","link":"https:\/\/futurone.you2.pl\/en\/product\/futurone-thermo-guard\/","title":{"rendered":"FUTURONE THERMO GUARD"},"content":{"rendered":"<p>\u2713 Obni\u017cenie temperatury pomieszcze\u0144 nawet o 10<sup>o<\/sup>C.<br \/>\n\u2713 Wysok\u0105 redukcj\u0119 zu\u017cycia energii na klimatyzacj\u0119 w okresie letnim, co najmniej o 25% &#8211; 30%.<br \/>\n\u2713 Znaczn\u0105 popraw\u0119 wydajno\u015bci wentylacji, poprzez obni\u017cenie temperatury pobieranego\u00a0 powietrza znad dachu.<br \/>\n\u2713 Zwi\u0119kszenie wydajno\u015bci paneli fotowoltaicznych nawet o 60%.<br \/>\n\u2713 Ochron\u0119 przed przegrzewaniem si\u0119 paneli fotowoltaicznych.<br \/>\n\u2713 Brak rozprzestrzeniania ognia BRoof t1.<br \/>\n\u2713 Znaczne wyd\u0142u\u017cenie okresu eksploatacji pokry\u0107 dachowych.<br \/>\n\u2713 Wysok\u0105 wodoszczelno\u015b\u0107 (250 kPa).<\/p>","protected":false},"excerpt":{"rendered":"<p>\u2713 Obni\u017cenie temperatury pomieszcze\u0144 nawet o 10<sup>o<\/sup>C <\/BR><br \/>\n\u2713 Wysok\u0105 redukcj\u0119 zu\u017cycia energii na klimatyzacj\u0119 w okresie letnim, co najmniej o 25% &#8211; 30% <\/BR><br \/>\n\u2713 Znaczn\u0105 popraw\u0119 wydajno\u015bci wentylacji, poprzez obni\u017cenie temperatury pobieranego\u00a0 powietrza znad dachu <\/BR><br \/>\n\u2713 Zwi\u0119kszenie wydajno\u015bci paneli fotowoltaicznych nawet o 60% <\/BR><br \/>\n\u2713 Ochron\u0119 przed przegrzewaniem si\u0119 paneli fotowoltaicznych <\/BR><br \/>\n\u2713 Brak rozprzestrzeniania ognia BRoof t1 <\/BR><br \/>\n\u2713 Znaczne wyd\u0142u\u017cenie okresu eksploatacji pokry\u0107 dachowych <\/BR><br \/>\n\u2713 Wysok\u0105 wodoszczelno\u015b\u0107 (250 kPa)<\/p>","protected":false},"featured_media":616,"template":"","meta":{"_acf_changed":false},"product_brand":[61],"product_cat":[65],"product_tag":[],"class_list":{"0":"post-488","1":"product","2":"type-product","3":"status-publish","4":"has-post-thumbnail","6":"product_brand-futurone-thermo-guard","7":"product_cat-produkty","9":"first","10":"instock","11":"shipping-taxable","12":"product-type-simple"},"acf":[],"_links":{"self":[{"href":"https:\/\/futurone.you2.pl\/en\/wp-json\/wp\/v2\/product\/488","targetHints":{"allow":["GET"]}}],"collection":[{"href":"https:\/\/futurone.you2.pl\/en\/wp-json\/wp\/v2\/product"}],"about":[{"href":"https:\/\/futurone.you2.pl\/en\/wp-json\/wp\/v2\/types\/product"}],"wp:featuredmedia":[{"embeddable":true,"href":"https:\/\/futurone.you2.pl\/en\/wp-json\/wp\/v2\/media\/616"}],"wp:attachment":[{"href":"https:\/\/futurone.you2.pl\/en\/wp-json\/wp\/v2\/media?parent=488"}],"wp:term":[{"taxonomy":"product_brand","embeddable":true,"href":"https:\/\/futurone.you2.pl\/en\/wp-json\/wp\/v2\/product_brand?post=488"},{"taxonomy":"product_cat","embeddable":true,"href":"https:\/\/futurone.you2.pl\/en\/wp-json\/wp\/v2\/product_cat?post=488"},{"taxonomy":"product_tag","embeddable":true,"href":"https:\/\/futurone.you2.pl\/en\/wp-json\/wp\/v2\/product_tag?post=488"}],"curies":[{"name":"wp","href":"https:\/\/api.w.org\/{rel}","templated":true}]}}