{"id":416,"date":"2025-07-16T23:33:15","date_gmt":"2025-07-16T21:33:15","guid":{"rendered":"https:\/\/futurone.you2.pl\/?post_type=product&#038;p=416"},"modified":"2025-09-02T20:26:42","modified_gmt":"2025-09-02T18:26:42","slug":"futurone-one-flexicoat-pro","status":"publish","type":"product","link":"https:\/\/futurone.you2.pl\/en\/product\/futurone-one-flexicoat-pro\/","title":{"rendered":"FUTURONE ONE FlexiCoat Pro"},"content":{"rendered":"","protected":false},"excerpt":{"rendered":"<p>\u2713 Cienkowarstwowa pow\u0142oka o wysokich w\u0142a\u015bciwo\u015bciach energooszcz\u0119dnych <\/BR><br \/>\n\u2713 Redukcja strat energii. Latem ch\u0142odniej zim\u0105 cieplej <\/BR><br \/>\n\u2713 Redukcja mostk\u00f3w termicznych oraz skuteczna ochrona przed grzybami i ple\u015bni\u0105 <\/BR><br \/>\n\u2713 Przyjazna \u015brodowisku. Ogranicza przemieszczanie si\u0119 kurzu i py\u0142u<\/p>","protected":false},"featured_media":617,"template":"","meta":{"_acf_changed":false},"product_brand":[62],"product_cat":[65],"product_tag":[],"class_list":{"0":"post-416","1":"product","2":"type-product","3":"status-publish","4":"has-post-thumbnail","6":"product_brand-futurone-one-flexicoat-pro","7":"product_cat-produkty","9":"first","10":"instock","11":"shipping-taxable","12":"product-type-simple"},"acf":[],"_links":{"self":[{"href":"https:\/\/futurone.you2.pl\/en\/wp-json\/wp\/v2\/product\/416","targetHints":{"allow":["GET"]}}],"collection":[{"href":"https:\/\/futurone.you2.pl\/en\/wp-json\/wp\/v2\/product"}],"about":[{"href":"https:\/\/futurone.you2.pl\/en\/wp-json\/wp\/v2\/types\/product"}],"wp:featuredmedia":[{"embeddable":true,"href":"https:\/\/futurone.you2.pl\/en\/wp-json\/wp\/v2\/media\/617"}],"wp:attachment":[{"href":"https:\/\/futurone.you2.pl\/en\/wp-json\/wp\/v2\/media?parent=416"}],"wp:term":[{"taxonomy":"product_brand","embeddable":true,"href":"https:\/\/futurone.you2.pl\/en\/wp-json\/wp\/v2\/product_brand?post=416"},{"taxonomy":"product_cat","embeddable":true,"href":"https:\/\/futurone.you2.pl\/en\/wp-json\/wp\/v2\/product_cat?post=416"},{"taxonomy":"product_tag","embeddable":true,"href":"https:\/\/futurone.you2.pl\/en\/wp-json\/wp\/v2\/product_tag?post=416"}],"curies":[{"name":"wp","href":"https:\/\/api.w.org\/{rel}","templated":true}]}}