{"id":114,"date":"2025-05-24T12:07:01","date_gmt":"2025-05-24T10:07:01","guid":{"rendered":"https:\/\/futurone.you2.pl\/?post_type=product&#038;p=114"},"modified":"2025-09-02T20:27:01","modified_gmt":"2025-09-02T18:27:01","slug":"futureone-hydro-shield-pro","status":"publish","type":"product","link":"https:\/\/futurone.you2.pl\/en\/product\/futureone-hydro-shield-pro\/","title":{"rendered":"FUTURONE HYDRO SHIELD PRO"},"content":{"rendered":"","protected":false},"excerpt":{"rendered":"<p>\u2713 Wyj\u0105tkowa odporno\u015b\u0107 na promieniowanie UV oraz zmienne warunki atmosferyczne. <\/BR><br \/>\n\u2713 Mo\u017cliwo\u015b\u0107 renowacji dachu bez konieczno\u015bci zrywania i utylizacji starego pokrycia. <\/BR><br \/>\n\u2713 \u0141atwo\u015b\u0107 naprawy w razie uszkodzenia. <\/BR><br \/>\n\u2713 Skuteczn\u0105 hydroizalcj\u0119 nawet w najbardziej skomplikowanych miejscach. <\/BR><br \/>\n\u2713 Trwa\u0142o\u015b\u0107 na lata \u2013 10 lat gwarancji. <\/BR><br \/>\n\u2713 Bezpieczny dla \u015brodowiska \u2013 niskie LZO<\/p>","protected":false},"featured_media":618,"template":"","meta":{"_acf_changed":false},"product_brand":[63],"product_cat":[65],"product_tag":[],"class_list":{"0":"post-114","1":"product","2":"type-product","3":"status-publish","4":"has-post-thumbnail","6":"product_brand-futurone-hydro-shield-pro","7":"product_cat-produkty","9":"first","10":"instock","11":"shipping-taxable","12":"product-type-simple"},"acf":[],"_links":{"self":[{"href":"https:\/\/futurone.you2.pl\/en\/wp-json\/wp\/v2\/product\/114","targetHints":{"allow":["GET"]}}],"collection":[{"href":"https:\/\/futurone.you2.pl\/en\/wp-json\/wp\/v2\/product"}],"about":[{"href":"https:\/\/futurone.you2.pl\/en\/wp-json\/wp\/v2\/types\/product"}],"wp:featuredmedia":[{"embeddable":true,"href":"https:\/\/futurone.you2.pl\/en\/wp-json\/wp\/v2\/media\/618"}],"wp:attachment":[{"href":"https:\/\/futurone.you2.pl\/en\/wp-json\/wp\/v2\/media?parent=114"}],"wp:term":[{"taxonomy":"product_brand","embeddable":true,"href":"https:\/\/futurone.you2.pl\/en\/wp-json\/wp\/v2\/product_brand?post=114"},{"taxonomy":"product_cat","embeddable":true,"href":"https:\/\/futurone.you2.pl\/en\/wp-json\/wp\/v2\/product_cat?post=114"},{"taxonomy":"product_tag","embeddable":true,"href":"https:\/\/futurone.you2.pl\/en\/wp-json\/wp\/v2\/product_tag?post=114"}],"curies":[{"name":"wp","href":"https:\/\/api.w.org\/{rel}","templated":true}]}}