{"id":851,"date":"2025-09-02T20:28:53","date_gmt":"2025-09-02T18:28:53","guid":{"rendered":"https:\/\/futurone.you2.pl\/?page_id=851"},"modified":"2025-09-02T20:35:43","modified_gmt":"2025-09-02T18:35:43","slug":"kontakt","status":"publish","type":"page","link":"https:\/\/futurone.you2.pl\/en\/kontakt\/","title":{"rendered":"kontakt"},"content":{"rendered":"<div data-elementor-type=\"wp-page\" data-elementor-id=\"851\" class=\"elementor elementor-851\" data-elementor-post-type=\"page\">\n\t\t\t\t<div class=\"elementor-element elementor-element-b06bf24 e-flex e-con-boxed e-con e-parent\" data-id=\"b06bf24\" data-element_type=\"container\">\n\t\t\t\t\t<div class=\"e-con-inner\">\n\t\t\t\t<div class=\"elementor-element elementor-element-5e0f78a elementor-widget elementor-widget-heading\" data-id=\"5e0f78a\" data-element_type=\"widget\" data-widget_type=\"heading.default\">\n\t\t\t\t<div class=\"elementor-widget-container\">\n\t\t\t\t\t<h2 class=\"elementor-heading-title elementor-size-default\">Kontakt<\/h2>\t\t\t\t<\/div>\n\t\t\t\t<\/div>\n\t\t\t\t<div class=\"elementor-element elementor-element-81266dd elementor-widget__width-initial elementor-widget elementor-widget-text-editor\" data-id=\"81266dd\" data-element_type=\"widget\" data-widget_type=\"text-editor.default\">\n\t\t\t\t<div class=\"elementor-widget-container\">\n\t\t\t\t\t\t\t\t\t<p>Masz pytania lub potrzebujesz pomocy?<br data-start=\"249\" data-end=\"252\" \/>Skontaktuj si\u0119 z nami \u2013 ch\u0119tnie odpowiemy na wszystkie wiadomo\u015bci.<\/p>\t\t\t\t\t\t\t\t<\/div>\n\t\t\t\t<\/div>\n\t\t<div class=\"elementor-element elementor-element-319e5bb e-con-full e-flex e-con e-child\" data-id=\"319e5bb\" data-element_type=\"container\">\n\t\t<div class=\"elementor-element elementor-element-a5744ba e-grid e-con-full e-con e-child\" data-id=\"a5744ba\" data-element_type=\"container\">\n\t\t\t\t<div class=\"elementor-element elementor-element-05f79fc elementor-position-top elementor-widget elementor-widget-image-box\" data-id=\"05f79fc\" data-element_type=\"widget\" data-widget_type=\"image-box.default\">\n\t\t\t\t<div class=\"elementor-widget-container\">\n\t\t\t\t\t<div class=\"elementor-image-box-wrapper\"><figure class=\"elementor-image-box-img\"><a href=\"http:\/\/solisa.pl\/\" tabindex=\"-1\"><img decoding=\"async\" width=\"365\" height=\"100\" src=\"https:\/\/futurone.you2.pl\/wp-content\/uploads\/2025\/08\/logo.png\" class=\"attachment-full size-full wp-image-738\" alt=\"\" srcset=\"https:\/\/futurone.you2.pl\/wp-content\/uploads\/2025\/08\/logo.png 365w, https:\/\/futurone.you2.pl\/wp-content\/uploads\/2025\/08\/logo-300x82.png 300w\" sizes=\"(max-width: 365px) 100vw, 365px\" \/><\/a><\/figure><div class=\"elementor-image-box-content\"><h3 class=\"elementor-image-box-title\"><a href=\"http:\/\/solisa.pl\/\">Oficjalny dystrybutor <br>Solisa Energia  Sp. z o.o. <\/a><\/h3><\/div><\/div>\t\t\t\t<\/div>\n\t\t\t\t<\/div>\n\t\t\t\t<div class=\"elementor-element elementor-element-59f833f elementor-align-left elementor-mobile-align-center elementor-widget-mobile__width-inherit elementor-icon-list--layout-traditional elementor-list-item-link-full_width elementor-widget elementor-widget-icon-list\" data-id=\"59f833f\" data-element_type=\"widget\" data-widget_type=\"icon-list.default\">\n\t\t\t\t<div class=\"elementor-widget-container\">\n\t\t\t\t\t\t\t<ul class=\"elementor-icon-list-items\">\n\t\t\t\t\t\t\t<li class=\"elementor-icon-list-item\">\n\t\t\t\t\t\t\t\t\t\t\t<span class=\"elementor-icon-list-icon\">\n\t\t\t\t\t\t\t<svg xmlns=\"http:\/\/www.w3.org\/2000\/svg\" shape-rendering=\"geometricPrecision\" text-rendering=\"geometricPrecision\" image-rendering=\"optimizeQuality\" fill-rule=\"evenodd\" clip-rule=\"evenodd\" viewbox=\"0 0 205.46 143.18\"><path fill=\"#fff\" fill-rule=\"nonzero\" d=\"M11.65.4h182.16c6.19 0 11.25 5.06 11.25 11.25v119.88c0 6.18-5.06 11.25-11.25 11.25H11.65C5.46 142.78.4 137.71.4 131.53V11.65C.4 5.46 5.46.4 11.65.4z\"><\/path><path fill=\"#dc143c\" fill-rule=\"nonzero\" d=\"M.4 71.59h204.66v59.94c0 6.18-5.06 11.25-11.25 11.25H11.65C5.46 142.78.4 137.71.4 131.53V71.59z\"><\/path><path fill=\"#CCC\" fill-rule=\"nonzero\" d=\"M11.65 0h182.16c3.21 0 6.12 1.31 8.23 3.42a11.61 11.61 0 0 1 3.42 8.23v119.88c0 3.2-1.31 6.11-3.42 8.22-2.11 2.11-5.02 3.43-8.23 3.43H11.65c-3.2 0-6.12-1.32-8.23-3.43A11.604 11.604 0 0 1 0 131.53V11.65c0-3.21 1.31-6.12 3.42-8.23C5.53 1.31 8.45 0 11.65 0zm182.16.8H11.65c-2.99 0-5.7 1.22-7.66 3.19A10.793 10.793 0 0 0 .8 11.65v119.88c0 2.98 1.22 5.69 3.19 7.66 1.96 1.97 4.67 3.19 7.66 3.19h182.16c2.99 0 5.7-1.22 7.67-3.19 1.96-1.97 3.18-4.68 3.18-7.66V11.65c0-2.98-1.22-5.7-3.19-7.66A10.776 10.776 0 0 0 193.81.8z\"><\/path><\/svg>\t\t\t\t\t\t<\/span>\n\t\t\t\t\t\t\t\t\t\t<span class=\"elementor-icon-list-text\"><b>MAREK SZYMCZAKOWSKI<\/b><\/span>\n\t\t\t\t\t\t\t\t\t<\/li>\n\t\t\t\t\t\t\t\t<li class=\"elementor-icon-list-item\">\n\t\t\t\t\t\t\t\t\t\t\t<span class=\"elementor-icon-list-icon\">\n\t\t\t\t\t\t\t<svg aria-hidden=\"true\" class=\"e-font-icon-svg e-fas-phone-alt\" viewbox=\"0 0 512 512\" xmlns=\"http:\/\/www.w3.org\/2000\/svg\"><path d=\"M497.39 361.8l-112-48a24 24 0 0 0-28 6.9l-49.6 60.6A370.66 370.66 0 0 1 130.6 204.11l60.6-49.6a23.94 23.94 0 0 0 6.9-28l-48-112A24.16 24.16 0 0 0 122.6.61l-104 24A24 24 0 0 0 0 48c0 256.5 207.9 464 464 464a24 24 0 0 0 23.4-18.6l24-104a24.29 24.29 0 0 0-14.01-27.6z\"><\/path><\/svg>\t\t\t\t\t\t<\/span>\n\t\t\t\t\t\t\t\t\t\t<span class=\"elementor-icon-list-text\">+48 570 380 696\u202c <\/span>\n\t\t\t\t\t\t\t\t\t<\/li>\n\t\t\t\t\t\t\t\t<li class=\"elementor-icon-list-item\">\n\t\t\t\t\t\t\t\t\t\t\t<span class=\"elementor-icon-list-icon\">\n\t\t\t\t\t\t\t<svg aria-hidden=\"true\" class=\"e-font-icon-svg e-far-envelope\" viewbox=\"0 0 512 512\" xmlns=\"http:\/\/www.w3.org\/2000\/svg\"><path d=\"M464 64H48C21.49 64 0 85.49 0 112v288c0 26.51 21.49 48 48 48h416c26.51 0 48-21.49 48-48V112c0-26.51-21.49-48-48-48zm0 48v40.805c-22.422 18.259-58.168 46.651-134.587 106.49-16.841 13.247-50.201 45.072-73.413 44.701-23.208.375-56.579-31.459-73.413-44.701C106.18 199.465 70.425 171.067 48 152.805V112h416zM48 400V214.398c22.914 18.251 55.409 43.862 104.938 82.646 21.857 17.205 60.134 55.186 103.062 54.955 42.717.231 80.509-37.199 103.053-54.947 49.528-38.783 82.032-64.401 104.947-82.653V400H48z\"><\/path><\/svg>\t\t\t\t\t\t<\/span>\n\t\t\t\t\t\t\t\t\t\t<span class=\"elementor-icon-list-text\">marek.szymczakowski@solisa.pl<\/span>\n\t\t\t\t\t\t\t\t\t<\/li>\n\t\t\t\t\t\t<\/ul>\n\t\t\t\t\t\t<\/div>\n\t\t\t\t<\/div>\n\t\t\t\t<div class=\"elementor-element elementor-element-196f8e8 elementor-align-left elementor-mobile-align-center elementor-widget-mobile__width-inherit elementor-widget__width-inherit elementor-icon-list--layout-traditional elementor-list-item-link-full_width elementor-widget elementor-widget-icon-list\" data-id=\"196f8e8\" data-element_type=\"widget\" data-widget_type=\"icon-list.default\">\n\t\t\t\t<div class=\"elementor-widget-container\">\n\t\t\t\t\t\t\t<ul class=\"elementor-icon-list-items\">\n\t\t\t\t\t\t\t<li class=\"elementor-icon-list-item\">\n\t\t\t\t\t\t\t\t\t\t\t<span class=\"elementor-icon-list-icon\">\n\t\t\t\t\t\t\t<svg xmlns=\"http:\/\/www.w3.org\/2000\/svg\" xmlns:xlink=\"http:\/\/www.w3.org\/1999\/xlink\" id=\"Layer_1\" x=\"0px\" y=\"0px\" viewbox=\"0 0 55.2 38.4\" style=\"enable-background:new 0 0 55.2 38.4\" xml:space=\"preserve\">  <style type=\"text\/css\">.st0{fill:#FEFEFE;} .st1{fill:#C8102E;} .st2{fill:#012169;}<\/style>  <g>    <path class=\"st0\" d=\"M2.87,38.4h49.46c1.59-0.09,2.87-1.42,2.87-3.03V3.03c0-1.66-1.35-3.02-3.01-3.03H3.01 C1.35,0.01,0,1.37,0,3.03v32.33C0,36.98,1.28,38.31,2.87,38.4L2.87,38.4z\"><\/path>    <polygon class=\"st1\" points=\"23.74,23.03 23.74,38.4 31.42,38.4 31.42,23.03 55.2,23.03 55.2,15.35 31.42,15.35 31.42,0 23.74,0 23.74,15.35 0,15.35 0,23.03 23.74,23.03\"><\/polygon>    <path class=\"st2\" d=\"M33.98,12.43V0h18.23c1.26,0.02,2.34,0.81,2.78,1.92L33.98,12.43L33.98,12.43z\"><\/path>    <path class=\"st2\" d=\"M33.98,25.97V38.4h18.35c1.21-0.07,2.23-0.85,2.66-1.92L33.98,25.97L33.98,25.97z\"><\/path>    <path class=\"st2\" d=\"M21.18,25.97V38.4H2.87c-1.21-0.07-2.24-0.85-2.66-1.94L21.18,25.97L21.18,25.97z\"><\/path>    <path class=\"st2\" d=\"M21.18,12.43V0H2.99C1.73,0.02,0.64,0.82,0.21,1.94L21.18,12.43L21.18,12.43z\"><\/path>    <polygon class=\"st2\" points=\"0,12.8 7.65,12.8 0,8.97 0,12.8\"><\/polygon>    <polygon class=\"st2\" points=\"55.2,12.8 47.51,12.8 55.2,8.95 55.2,12.8\"><\/polygon>    <polygon class=\"st2\" points=\"55.2,25.6 47.51,25.6 55.2,29.45 55.2,25.6\"><\/polygon>    <polygon class=\"st2\" points=\"0,25.6 7.65,25.6 0,29.43 0,25.6\"><\/polygon>    <polygon class=\"st1\" points=\"55.2,3.25 36.15,12.8 40.41,12.8 55.2,5.4 55.2,3.25\"><\/polygon>    <polygon class=\"st1\" points=\"19.01,25.6 14.75,25.6 0,32.98 0,35.13 19.05,25.6 19.01,25.6\"><\/polygon>    <polygon class=\"st1\" points=\"10.52,12.81 14.78,12.81 0,5.41 0,7.55 10.52,12.81\"><\/polygon>    <polygon class=\"st1\" points=\"44.63,25.59 40.37,25.59 55.2,33.02 55.2,30.88 44.63,25.59\"><\/polygon>  <\/g><\/svg>\t\t\t\t\t\t<\/span>\n\t\t\t\t\t\t\t\t\t\t<span class=\"elementor-icon-list-text\"><b>MATEUSZ MATUSIK<\/b><\/span>\n\t\t\t\t\t\t\t\t\t<\/li>\n\t\t\t\t\t\t\t\t<li class=\"elementor-icon-list-item\">\n\t\t\t\t\t\t\t\t\t\t\t<span class=\"elementor-icon-list-icon\">\n\t\t\t\t\t\t\t<svg aria-hidden=\"true\" class=\"e-font-icon-svg e-fas-phone-alt\" viewbox=\"0 0 512 512\" xmlns=\"http:\/\/www.w3.org\/2000\/svg\"><path d=\"M497.39 361.8l-112-48a24 24 0 0 0-28 6.9l-49.6 60.6A370.66 370.66 0 0 1 130.6 204.11l60.6-49.6a23.94 23.94 0 0 0 6.9-28l-48-112A24.16 24.16 0 0 0 122.6.61l-104 24A24 24 0 0 0 0 48c0 256.5 207.9 464 464 464a24 24 0 0 0 23.4-18.6l24-104a24.29 24.29 0 0 0-14.01-27.6z\"><\/path><\/svg>\t\t\t\t\t\t<\/span>\n\t\t\t\t\t\t\t\t\t\t<span class=\"elementor-icon-list-text\">\u202a+48\u00a0796 488 924\u202c<\/span>\n\t\t\t\t\t\t\t\t\t<\/li>\n\t\t\t\t\t\t\t\t<li class=\"elementor-icon-list-item\">\n\t\t\t\t\t\t\t\t\t\t\t<span class=\"elementor-icon-list-icon\">\n\t\t\t\t\t\t\t<svg aria-hidden=\"true\" class=\"e-font-icon-svg e-far-envelope\" viewbox=\"0 0 512 512\" xmlns=\"http:\/\/www.w3.org\/2000\/svg\"><path d=\"M464 64H48C21.49 64 0 85.49 0 112v288c0 26.51 21.49 48 48 48h416c26.51 0 48-21.49 48-48V112c0-26.51-21.49-48-48-48zm0 48v40.805c-22.422 18.259-58.168 46.651-134.587 106.49-16.841 13.247-50.201 45.072-73.413 44.701-23.208.375-56.579-31.459-73.413-44.701C106.18 199.465 70.425 171.067 48 152.805V112h416zM48 400V214.398c22.914 18.251 55.409 43.862 104.938 82.646 21.857 17.205 60.134 55.186 103.062 54.955 42.717.231 80.509-37.199 103.053-54.947 49.528-38.783 82.032-64.401 104.947-82.653V400H48z\"><\/path><\/svg>\t\t\t\t\t\t<\/span>\n\t\t\t\t\t\t\t\t\t\t<span class=\"elementor-icon-list-text\">mateusz.matusik@solisa.pl<\/span>\n\t\t\t\t\t\t\t\t\t<\/li>\n\t\t\t\t\t\t<\/ul>\n\t\t\t\t\t\t<\/div>\n\t\t\t\t<\/div>\n\t\t\t\t<div class=\"elementor-element elementor-element-3e25daf elementor-align-left elementor-mobile-align-center elementor-widget-mobile__width-inherit elementor-icon-list--layout-traditional elementor-list-item-link-full_width elementor-widget elementor-widget-icon-list\" data-id=\"3e25daf\" data-element_type=\"widget\" data-widget_type=\"icon-list.default\">\n\t\t\t\t<div class=\"elementor-widget-container\">\n\t\t\t\t\t\t\t<ul class=\"elementor-icon-list-items\">\n\t\t\t\t\t\t\t<li class=\"elementor-icon-list-item\">\n\t\t\t\t\t\t\t\t\t\t\t<span class=\"elementor-icon-list-icon\">\n\t\t\t\t\t\t\t<svg xmlns=\"http:\/\/www.w3.org\/2000\/svg\" viewbox=\"0 0 55.2 38.4\"><g fill-rule=\"evenodd\" clip-rule=\"evenodd\"><path d=\"M3.03 0h49.13c1.67 0 3.03 1.36 3.03 3.03v32.33c0 1.66-1.36 3.02-3.02 3.03H3.02C1.36 38.4 0 37.03 0 35.37V3.03C0 1.36 1.36 0 3.03 0z\"><\/path><path d=\"M0 12.8h55.2v22.57c0 1.67-1.36 3.03-3.03 3.03H3.03C1.36 38.4 0 37.04 0 35.37V12.8z\" fill=\"#d00\"><\/path><path d=\"M0 25.6h55.2v9.77c0 1.66-1.36 3.02-3.02 3.03H3.03A3.04 3.04 0 010 35.37V25.6z\" fill=\"#ffce00\"><\/path><\/g><\/svg>\t\t\t\t\t\t<\/span>\n\t\t\t\t\t\t\t\t\t\t<span class=\"elementor-icon-list-text\"><b>EDWIN WAGTEVELD<\/b><\/span>\n\t\t\t\t\t\t\t\t\t<\/li>\n\t\t\t\t\t\t\t\t<li class=\"elementor-icon-list-item\">\n\t\t\t\t\t\t\t\t\t\t\t<span class=\"elementor-icon-list-icon\">\n\t\t\t\t\t\t\t<svg aria-hidden=\"true\" class=\"e-font-icon-svg e-fas-phone-alt\" viewbox=\"0 0 512 512\" xmlns=\"http:\/\/www.w3.org\/2000\/svg\"><path d=\"M497.39 361.8l-112-48a24 24 0 0 0-28 6.9l-49.6 60.6A370.66 370.66 0 0 1 130.6 204.11l60.6-49.6a23.94 23.94 0 0 0 6.9-28l-48-112A24.16 24.16 0 0 0 122.6.61l-104 24A24 24 0 0 0 0 48c0 256.5 207.9 464 464 464a24 24 0 0 0 23.4-18.6l24-104a24.29 24.29 0 0 0-14.01-27.6z\"><\/path><\/svg>\t\t\t\t\t\t<\/span>\n\t\t\t\t\t\t\t\t\t\t<span class=\"elementor-icon-list-text\">\u202a+48\u00a0690 573 190\u202c<\/span>\n\t\t\t\t\t\t\t\t\t<\/li>\n\t\t\t\t\t\t\t\t<li class=\"elementor-icon-list-item\">\n\t\t\t\t\t\t\t\t\t\t\t<span class=\"elementor-icon-list-icon\">\n\t\t\t\t\t\t\t<svg aria-hidden=\"true\" class=\"e-font-icon-svg e-far-envelope\" viewbox=\"0 0 512 512\" xmlns=\"http:\/\/www.w3.org\/2000\/svg\"><path d=\"M464 64H48C21.49 64 0 85.49 0 112v288c0 26.51 21.49 48 48 48h416c26.51 0 48-21.49 48-48V112c0-26.51-21.49-48-48-48zm0 48v40.805c-22.422 18.259-58.168 46.651-134.587 106.49-16.841 13.247-50.201 45.072-73.413 44.701-23.208.375-56.579-31.459-73.413-44.701C106.18 199.465 70.425 171.067 48 152.805V112h416zM48 400V214.398c22.914 18.251 55.409 43.862 104.938 82.646 21.857 17.205 60.134 55.186 103.062 54.955 42.717.231 80.509-37.199 103.053-54.947 49.528-38.783 82.032-64.401 104.947-82.653V400H48z\"><\/path><\/svg>\t\t\t\t\t\t<\/span>\n\t\t\t\t\t\t\t\t\t\t<span class=\"elementor-icon-list-text\">edwin.watgteveld@solisa.pl<\/span>\n\t\t\t\t\t\t\t\t\t<\/li>\n\t\t\t\t\t\t<\/ul>\n\t\t\t\t\t\t<\/div>\n\t\t\t\t<\/div>\n\t\t\t\t<\/div>\n\t\t<div class=\"elementor-element elementor-element-767ac0a e-grid e-con-full e-con e-child\" data-id=\"767ac0a\" data-element_type=\"container\">\n\t\t\t\t<div class=\"elementor-element elementor-element-8faf3d8 elementor-widget elementor-widget-google_maps\" data-id=\"8faf3d8\" data-element_type=\"widget\" data-widget_type=\"google_maps.default\">\n\t\t\t\t<div class=\"elementor-widget-container\">\n\t\t\t\t\t\t\t<div class=\"elementor-custom-embed\">\n\t\t\t<iframe loading=\"lazy\"\n\t\t\t\t\tsrc=\"https:\/\/maps.google.com\/maps?q=Krak%C3%B3w%2C%20Olsza%C5%84ska%207&#038;t=m&#038;z=13&#038;output=embed&#038;iwloc=near\"\n\t\t\t\t\ttitle=\"Krak\u00f3w, Olsza\u0144ska 7\"\n\t\t\t\t\taria-label=\"Krak\u00f3w, Olsza\u0144ska 7\"\n\t\t\t><\/iframe>\n\t\t<\/div>\n\t\t\t\t\t\t<\/div>\n\t\t\t\t<\/div>\n\t\t\t\t<div class=\"elementor-element elementor-element-08fd9be elementor-widget__width-initial elementor-button-align-stretch elementor-widget elementor-widget-form\" data-id=\"08fd9be\" data-element_type=\"widget\" data-settings=\"{&quot;button_width&quot;:&quot;25&quot;,&quot;step_next_label&quot;:&quot;Next&quot;,&quot;step_previous_label&quot;:&quot;Previous&quot;,&quot;step_type&quot;:&quot;number_text&quot;,&quot;step_icon_shape&quot;:&quot;circle&quot;}\" data-widget_type=\"form.default\">\n\t\t\t\t<div class=\"elementor-widget-container\">\n\t\t\t\t\t\t\t<form class=\"elementor-form\" method=\"post\" name=\"New Form\" action=\"\">\n\t\t\t<input type=\"hidden\" name=\"post_id\" value=\"851\"\/>\n\t\t\t<input type=\"hidden\" name=\"form_id\" value=\"08fd9be\"\/>\n\t\t\t<input type=\"hidden\" name=\"referer_title\" value=\"\" \/>\n\n\t\t\t\n\t\t\t<div class=\"elementor-form-fields-wrapper elementor-labels-\">\n\t\t\t\t\t\t\t\t<div class=\"elementor-field-type-text elementor-field-group elementor-column elementor-field-group-name elementor-col-100\">\n\t\t\t\t\t\t\t\t\t\t\t\t<label for=\"form-field-name\" class=\"elementor-field-label elementor-screen-only\">\n\t\t\t\t\t\t\t\tname\t\t\t\t\t\t\t<\/label>\n\t\t\t\t\t\t\t\t\t\t\t\t\t\t<input size=\"1\" type=\"text\" name=\"form_fields[name]\" id=\"form-field-name\" class=\"elementor-field elementor-size-lg  elementor-field-textual\" placeholder=\"Imi\u0119 i nazwisko\">\n\t\t\t\t\t\t\t\t\t\t\t<\/div>\n\t\t\t\t\t\t\t\t<div class=\"elementor-field-type-email elementor-field-group elementor-column elementor-field-group-email elementor-col-100 elementor-field-required\">\n\t\t\t\t\t\t\t\t\t\t\t\t<label for=\"form-field-email\" class=\"elementor-field-label elementor-screen-only\">\n\t\t\t\t\t\t\t\temail\t\t\t\t\t\t\t<\/label>\n\t\t\t\t\t\t\t\t\t\t\t\t\t\t<input size=\"1\" type=\"email\" name=\"form_fields[email]\" id=\"form-field-email\" class=\"elementor-field elementor-size-lg  elementor-field-textual\" placeholder=\"Adres email\" required=\"required\">\n\t\t\t\t\t\t\t\t\t\t\t<\/div>\n\t\t\t\t\t\t\t\t<div class=\"elementor-field-type-textarea elementor-field-group elementor-column elementor-field-group-message elementor-col-100\">\n\t\t\t\t\t\t\t\t\t\t\t\t<label for=\"form-field-message\" class=\"elementor-field-label elementor-screen-only\">\n\t\t\t\t\t\t\t\tmessage\t\t\t\t\t\t\t<\/label>\n\t\t\t\t\t\t<textarea class=\"elementor-field-textual elementor-field  elementor-size-lg\" name=\"form_fields[message]\" id=\"form-field-message\" rows=\"4\" placeholder=\"Napisz wiadomo\u015b\u0107\"><\/textarea>\t\t\t\t<\/div>\n\t\t\t\t\t\t\t\t<div class=\"elementor-field-type-checkbox elementor-field-group elementor-column elementor-field-group-field_002d9f5 elementor-col-100\">\n\t\t\t\t\t\t\t\t\t\t\t\t<label for=\"form-field-field_002d9f5\" class=\"elementor-field-label elementor-screen-only\">\n\t\t\t\t\t\t\t\tcheckbox\t\t\t\t\t\t\t<\/label>\n\t\t\t\t\t\t<div class=\"elementor-field-subgroup  elementor-subgroup-inline\"><span class=\"elementor-field-option\"><input type=\"checkbox\" value=\"Wyra\u017cam zgod\u0119 na przetwarzanie moich danych osobowych przez FUTURON WASTE Tech sp. z o.o., ul. Olsza\u0144ska 7, 31-513 Krak\u00f3w, w celu obs\u0142ugi mojego zapytania przes\u0142anego przez formularz kontaktowy, zgodnie z obowi\u0105zuj\u0105cymi przepisami o ochronie danych osobowych.\" id=\"form-field-field_002d9f5-0\" name=\"form_fields[field_002d9f5]\"> <label for=\"form-field-field_002d9f5-0\">Wyra\u017cam zgod\u0119 na przetwarzanie moich danych osobowych przez FUTURON WASTE Tech sp. z o.o., ul. Olsza\u0144ska 7, 31-513 Krak\u00f3w, w celu obs\u0142ugi mojego zapytania przes\u0142anego przez formularz kontaktowy, zgodnie z obowi\u0105zuj\u0105cymi przepisami o ochronie danych osobowych.<\/label><\/span><\/div>\t\t\t\t<\/div>\n\t\t\t\t\t\t\t\t<div class=\"elementor-field-type-checkbox elementor-field-group elementor-column elementor-field-group-field_6fd9b14 elementor-col-100\">\n\t\t\t\t\t\t\t\t\t\t\t\t<label for=\"form-field-field_6fd9b14\" class=\"elementor-field-label elementor-screen-only\">\n\t\t\t\t\t\t\t\tcheckbox\t\t\t\t\t\t\t<\/label>\n\t\t\t\t\t\t<div class=\"elementor-field-subgroup  elementor-subgroup-inline\"><span class=\"elementor-field-option\"><input type=\"checkbox\" value=\"Wyra\u017cam zgod\u0119 na otrzymywanie informacji handlowych i marketingowych drog\u0105 elektroniczn\u0105 od FUTURON WASTE Tech sp. z o.o. Zgod\u0119 mog\u0119 wycofa\u0107 w ka\u017cdej chwili.\" id=\"form-field-field_6fd9b14-0\" name=\"form_fields[field_6fd9b14]\"> <label for=\"form-field-field_6fd9b14-0\">Wyra\u017cam zgod\u0119 na otrzymywanie informacji handlowych i marketingowych drog\u0105 elektroniczn\u0105 od FUTURON WASTE Tech sp. z o.o. Zgod\u0119 mog\u0119 wycofa\u0107 w ka\u017cdej chwili.<\/label><\/span><\/div>\t\t\t\t<\/div>\n\t\t\t\t\t\t\t\t<div class=\"elementor-field-type-checkbox elementor-field-group elementor-column elementor-field-group-field_aa6a2c4 elementor-col-100\">\n\t\t\t\t\t\t\t\t\t\t\t\t<label for=\"form-field-field_aa6a2c4\" class=\"elementor-field-label elementor-screen-only\">\n\t\t\t\t\t\t\t\tcheckbox\t\t\t\t\t\t\t<\/label>\n\t\t\t\t\t\t<div class=\"elementor-field-subgroup  elementor-subgroup-inline\"><span class=\"elementor-field-option\"><input type=\"checkbox\" value=\"Zapozna\u0142em si\u0119 z Polityk\u0105 Prywatno\u015bci i wyra\u017cam zgod\u0119 na przetwarzanie moich danych osobowych przez FUTURON WASTE Tech sp. z o.o. w celu udzielenia odpowiedzi na przes\u0142ane zapytanie.\" id=\"form-field-field_aa6a2c4-0\" name=\"form_fields[field_aa6a2c4]\"> <label for=\"form-field-field_aa6a2c4-0\">Zapozna\u0142em si\u0119 z Polityk\u0105 Prywatno\u015bci i wyra\u017cam zgod\u0119 na przetwarzanie moich danych osobowych przez FUTURON WASTE Tech sp. z o.o. w celu udzielenia odpowiedzi na przes\u0142ane zapytanie.<\/label><\/span><\/div>\t\t\t\t<\/div>\n\t\t\t\t\t\t\t\t<div class=\"elementor-field-group elementor-column elementor-field-type-submit elementor-col-25 e-form__buttons\">\n\t\t\t\t\t<button class=\"elementor-button elementor-size-sm\" type=\"submit\">\n\t\t\t\t\t\t<span class=\"elementor-button-content-wrapper\">\n\t\t\t\t\t\t\t\t\t\t\t\t\t\t\t\t\t\t\t\t\t\t<span class=\"elementor-button-text\">Wy\u015blij<\/span>\n\t\t\t\t\t\t\t\t\t\t\t\t\t<\/span>\n\t\t\t\t\t<\/button>\n\t\t\t\t<\/div>\n\t\t\t<\/div>\n\t\t<input type=\"hidden\" name=\"trp-form-language\" value=\"en\"\/><\/form>\n\t\t\t\t\t\t<\/div>\n\t\t\t\t<\/div>\n\t\t\t\t<\/div>\n\t\t\t\t<\/div>\n\t\t\t\t\t<\/div>\n\t\t\t\t<\/div>\n\t\t\t\t<\/div>","protected":false},"excerpt":{"rendered":"<p>Kontakt Masz pytania lub potrzebujesz pomocy?Skontaktuj si\u0119 z nami \u2013 ch\u0119tnie odpowiemy na wszystkie wiadomo\u015bci. Oficjalny dystrybutor Solisa Energia Sp. z o.o. MAREK SZYMCZAKOWSKI +48 570 380 696\u202c marek.szymczakowski@solisa.pl MATEUSZ MATUSIK \u202a+48\u00a0796 488 924\u202c mateusz.matusik@solisa.pl EDWIN WAGTEVELD \u202a+48\u00a0690 573 190\u202c edwin.watgteveld@solisa.pl<\/p>","protected":false},"author":1,"featured_media":0,"parent":0,"menu_order":0,"comment_status":"closed","ping_status":"open","template":"elementor_header_footer","meta":{"_acf_changed":false,"footnotes":""},"class_list":["post-851","page","type-page","status-publish","hentry"],"acf":[],"_links":{"self":[{"href":"https:\/\/futurone.you2.pl\/en\/wp-json\/wp\/v2\/pages\/851","targetHints":{"allow":["GET"]}}],"collection":[{"href":"https:\/\/futurone.you2.pl\/en\/wp-json\/wp\/v2\/pages"}],"about":[{"href":"https:\/\/futurone.you2.pl\/en\/wp-json\/wp\/v2\/types\/page"}],"author":[{"embeddable":true,"href":"https:\/\/futurone.you2.pl\/en\/wp-json\/wp\/v2\/users\/1"}],"replies":[{"embeddable":true,"href":"https:\/\/futurone.you2.pl\/en\/wp-json\/wp\/v2\/comments?post=851"}],"version-history":[{"count":4,"href":"https:\/\/futurone.you2.pl\/en\/wp-json\/wp\/v2\/pages\/851\/revisions"}],"predecessor-version":[{"id":856,"href":"https:\/\/futurone.you2.pl\/en\/wp-json\/wp\/v2\/pages\/851\/revisions\/856"}],"wp:attachment":[{"href":"https:\/\/futurone.you2.pl\/en\/wp-json\/wp\/v2\/media?parent=851"}],"curies":[{"name":"wp","href":"https:\/\/api.w.org\/{rel}","templated":true}]}}