{"id":807,"date":"2025-08-18T22:06:41","date_gmt":"2025-08-18T20:06:41","guid":{"rendered":"https:\/\/futurone.you2.pl\/?page_id=807"},"modified":"2025-09-01T21:45:32","modified_gmt":"2025-09-01T19:45:32","slug":"aktualnosci","status":"publish","type":"page","link":"https:\/\/futurone.you2.pl\/en\/aktualnosci\/","title":{"rendered":"aktualnosci"},"content":{"rendered":"<div data-elementor-type=\"wp-page\" data-elementor-id=\"807\" class=\"elementor elementor-807\" data-elementor-post-type=\"page\">\n\t\t\t\t<div class=\"elementor-element elementor-element-b06bf24 e-flex e-con-boxed e-con e-parent\" data-id=\"b06bf24\" data-element_type=\"container\">\n\t\t\t\t\t<div class=\"e-con-inner\">\n\t\t\t\t<div class=\"elementor-element elementor-element-5e0f78a elementor-widget elementor-widget-heading\" data-id=\"5e0f78a\" data-element_type=\"widget\" data-widget_type=\"heading.default\">\n\t\t\t\t<div class=\"elementor-widget-container\">\n\t\t\t\t\t<h2 class=\"elementor-heading-title elementor-size-default\">Aktualno\u015bci<\/h2>\t\t\t\t<\/div>\n\t\t\t\t<\/div>\n\t\t\t\t<div class=\"elementor-element elementor-element-81266dd elementor-widget__width-initial elementor-widget elementor-widget-text-editor\" data-id=\"81266dd\" data-element_type=\"widget\" data-widget_type=\"text-editor.default\">\n\t\t\t\t<div class=\"elementor-widget-container\">\n\t\t\t\t\t\t\t\t\t<p>B\u0105d\u017a na bie\u017c\u0105co z najnowszymi wydarzeniami, aktualizacjami i zapowiedziami.<\/p>\t\t\t\t\t\t\t\t<\/div>\n\t\t\t\t<\/div>\n\t\t\t\t\t<\/div>\n\t\t\t\t<\/div>\n\t\t<div class=\"elementor-element elementor-element-bcaa8b1 e-flex e-con-boxed e-con e-parent\" data-id=\"bcaa8b1\" data-element_type=\"container\">\n\t\t\t\t\t<div class=\"e-con-inner\">\n\t\t<div class=\"elementor-element elementor-element-135ca1c e-con-full e-flex e-con e-child\" data-id=\"135ca1c\" data-element_type=\"container\">\n\t\t\t\t<div class=\"elementor-element elementor-element-48aba09 elementor-grid-2 elementor-grid-tablet-2 elementor-grid-mobile-1 elementor-posts--thumbnail-top elementor-widget elementor-widget-posts\" data-id=\"48aba09\" data-element_type=\"widget\" data-settings=\"{&quot;classic_columns&quot;:&quot;2&quot;,&quot;classic_columns_tablet&quot;:&quot;2&quot;,&quot;classic_columns_mobile&quot;:&quot;1&quot;,&quot;classic_row_gap&quot;:{&quot;unit&quot;:&quot;px&quot;,&quot;size&quot;:35,&quot;sizes&quot;:[]},&quot;classic_row_gap_tablet&quot;:{&quot;unit&quot;:&quot;px&quot;,&quot;size&quot;:&quot;&quot;,&quot;sizes&quot;:[]},&quot;classic_row_gap_mobile&quot;:{&quot;unit&quot;:&quot;px&quot;,&quot;size&quot;:&quot;&quot;,&quot;sizes&quot;:[]}}\" data-widget_type=\"posts.classic\">\n\t\t\t\t<div class=\"elementor-widget-container\">\n\t\t\t\t\t\t\t<div class=\"elementor-posts-container elementor-posts elementor-posts--skin-classic elementor-grid\">\n\t\t\t\t<article class=\"elementor-post elementor-grid-item post-843 post type-post status-publish format-standard has-post-thumbnail hentry category-bez-kategorii-pl\">\n\t\t\t\t<a class=\"elementor-post__thumbnail__link\" href=\"https:\/\/futurone.you2.pl\/en\/oszczedzaj-do-30-na-klimatyzacji-z-futurone-thermo-guard-innowacyjne-rozwiazanie-dla-firm\/\" tabindex=\"-1\" >\n\t\t\t<div class=\"elementor-post__thumbnail\"><img fetchpriority=\"high\" decoding=\"async\" width=\"600\" height=\"300\" src=\"https:\/\/futurone.you2.pl\/wp-content\/uploads\/2025\/09\/1-600x300-1.jpg\" class=\"attachment-1536x1536 size-1536x1536 wp-image-844\" alt=\"\" srcset=\"https:\/\/futurone.you2.pl\/wp-content\/uploads\/2025\/09\/1-600x300-1.jpg 600w, https:\/\/futurone.you2.pl\/wp-content\/uploads\/2025\/09\/1-600x300-1-300x150.jpg 300w\" sizes=\"(max-width: 600px) 100vw, 600px\" \/><\/div>\n\t\t<\/a>\n\t\t\t\t<div class=\"elementor-post__text\">\n\t\t\t\t<h3 class=\"elementor-post__title\">\n\t\t\t<a href=\"https:\/\/futurone.you2.pl\/en\/oszczedzaj-do-30-na-klimatyzacji-z-futurone-thermo-guard-innowacyjne-rozwiazanie-dla-firm\/\" >\n\t\t\t\tOszcz\u0119dzaj do 30% na klimatyzacji z FUTURONE THERMO GUARD \u2013 innowacyjne rozwi\u0105zanie dla firm\t\t\t<\/a>\n\t\t<\/h3>\n\t\t\t\t<div class=\"elementor-post__excerpt\">\n\t\t\t<p>W dobie rosn\u0105cych cen energii i coraz bardziej dotkliwych upa\u0142\u00f3w, zarz\u0105dzanie kosztami operacyjnymi staje si\u0119 kluczowe dla wielu przedsi\u0119biorstw. Rozwi\u0105zanie tej pal\u0105cej kwestii przynosi innowacyjny system FUTURONE THERMO GUARD, oferuj\u0105cy nie tylko oszcz\u0119dno\u015bci, ale tak\u017ce d\u0142ugofalowe korzy\u015bci \u015brodowiskowe.<\/p>\n\t\t<\/div>\n\t\t\n\t\t<a class=\"elementor-post__read-more\" href=\"https:\/\/futurone.you2.pl\/en\/oszczedzaj-do-30-na-klimatyzacji-z-futurone-thermo-guard-innowacyjne-rozwiazanie-dla-firm\/\" aria-label=\"Read more about Oszcz\u0119dzaj do 30% na klimatyzacji z FUTURONE THERMO GUARD \u2013 innowacyjne rozwi\u0105zanie dla firm\" tabindex=\"-1\" >\n\t\t\tCZYTAJ WI\u0118CEJ\t\t<\/a>\n\n\t\t\t\t<\/div>\n\t\t\t\t<\/article>\n\t\t\t\t<article class=\"elementor-post elementor-grid-item post-840 post type-post status-publish format-standard has-post-thumbnail hentry category-bez-kategorii-pl\">\n\t\t\t\t<a class=\"elementor-post__thumbnail__link\" href=\"https:\/\/futurone.you2.pl\/en\/jak-futurone-thermo-guard-pomaga-hodowcom-eliminowac-stres-cieplny-zwierzat\/\" tabindex=\"-1\" >\n\t\t\t<div class=\"elementor-post__thumbnail\"><img decoding=\"async\" width=\"600\" height=\"300\" src=\"https:\/\/futurone.you2.pl\/wp-content\/uploads\/2025\/09\/2-600x300-1.jpg\" class=\"attachment-1536x1536 size-1536x1536 wp-image-841\" alt=\"\" srcset=\"https:\/\/futurone.you2.pl\/wp-content\/uploads\/2025\/09\/2-600x300-1.jpg 600w, https:\/\/futurone.you2.pl\/wp-content\/uploads\/2025\/09\/2-600x300-1-300x150.jpg 300w\" sizes=\"(max-width: 600px) 100vw, 600px\" \/><\/div>\n\t\t<\/a>\n\t\t\t\t<div class=\"elementor-post__text\">\n\t\t\t\t<h3 class=\"elementor-post__title\">\n\t\t\t<a href=\"https:\/\/futurone.you2.pl\/en\/jak-futurone-thermo-guard-pomaga-hodowcom-eliminowac-stres-cieplny-zwierzat\/\" >\n\t\t\t\tJak FUTURONE THERMO GUARD pomaga hodowcom eliminowa\u0107 stres cieplny zwierz\u0105t?\t\t\t<\/a>\n\t\t<\/h3>\n\t\t\t\t<div class=\"elementor-post__excerpt\">\n\t\t\t<p>W dobie zmieniaj\u0105cego si\u0119 klimatu i rosn\u0105cych temperatur, wyzwania stoj\u0105ce przed hodowcami zwierz\u0105t staj\u0105 si\u0119 coraz wi\u0119ksze. Stres cieplny to problem, kt\u00f3ry dotyka zar\u00f3wno byd\u0142o, trzod\u0119 chlewn\u0105, jak i dr\u00f3b. Zmniejszona produkcja mleka, zaburzenia w przybieraniu na wadze czy spadek apetytu &#8211; to tylko niekt\u00f3re z konsekwencji tego zjawiska. Na szcz\u0119\u015bcie istnieje rozwi\u0105zanie, kt\u00f3re mo\u017ce pom\u00f3c w walce z tym problemem: FUTURONE THERMO GUARD.<\/p>\n\t\t<\/div>\n\t\t\n\t\t<a class=\"elementor-post__read-more\" href=\"https:\/\/futurone.you2.pl\/en\/jak-futurone-thermo-guard-pomaga-hodowcom-eliminowac-stres-cieplny-zwierzat\/\" aria-label=\"Read more about Jak FUTURONE THERMO GUARD pomaga hodowcom eliminowa\u0107 stres cieplny zwierz\u0105t?\" tabindex=\"-1\" >\n\t\t\tCZYTAJ WI\u0118CEJ\t\t<\/a>\n\n\t\t\t\t<\/div>\n\t\t\t\t<\/article>\n\t\t\t\t<article class=\"elementor-post elementor-grid-item post-837 post type-post status-publish format-standard has-post-thumbnail hentry category-bez-kategorii-pl\">\n\t\t\t\t<a class=\"elementor-post__thumbnail__link\" href=\"https:\/\/futurone.you2.pl\/en\/20-lat-bezpieczenstwa-i-oszczednosci-poznaj-system-futurone-thermo-guard\/\" tabindex=\"-1\" >\n\t\t\t<div class=\"elementor-post__thumbnail\"><img decoding=\"async\" width=\"600\" height=\"300\" src=\"https:\/\/futurone.you2.pl\/wp-content\/uploads\/2025\/09\/20241018_144823-600x300-1.jpg\" class=\"attachment-1536x1536 size-1536x1536 wp-image-838\" alt=\"\" srcset=\"https:\/\/futurone.you2.pl\/wp-content\/uploads\/2025\/09\/20241018_144823-600x300-1.jpg 600w, https:\/\/futurone.you2.pl\/wp-content\/uploads\/2025\/09\/20241018_144823-600x300-1-300x150.jpg 300w\" sizes=\"(max-width: 600px) 100vw, 600px\" \/><\/div>\n\t\t<\/a>\n\t\t\t\t<div class=\"elementor-post__text\">\n\t\t\t\t<h3 class=\"elementor-post__title\">\n\t\t\t<a href=\"https:\/\/futurone.you2.pl\/en\/20-lat-bezpieczenstwa-i-oszczednosci-poznaj-system-futurone-thermo-guard\/\" >\n\t\t\t\t20 lat bezpiecze\u0144stwa i oszcz\u0119dno\u015bci: Poznaj system FUTURONE THERMO GUARD\t\t\t<\/a>\n\t\t<\/h3>\n\t\t\t\t<div class=\"elementor-post__excerpt\">\n\t\t\t<p>W obliczu dynamicznych zmian klimatycznych oraz rosn\u0105cych koszt\u00f3w energii, w\u0142a\u015bciciele i zarz\u0105dcy obiekt\u00f3w przemys\u0142owych staj\u0105 przed wyzwaniem znalezienia rozwi\u0105za\u0144, kt\u00f3re nie tylko zapewni\u0105 komfort pracy i produkcji, ale tak\u017ce znacz\u0105co obni\u017c\u0105 koszty operacyjne.<\/p>\n\t\t<\/div>\n\t\t\n\t\t<a class=\"elementor-post__read-more\" href=\"https:\/\/futurone.you2.pl\/en\/20-lat-bezpieczenstwa-i-oszczednosci-poznaj-system-futurone-thermo-guard\/\" aria-label=\"Read more about 20 lat bezpiecze\u0144stwa i oszcz\u0119dno\u015bci: Poznaj system FUTURONE THERMO GUARD\" tabindex=\"-1\" >\n\t\t\tCZYTAJ WI\u0118CEJ\t\t<\/a>\n\n\t\t\t\t<\/div>\n\t\t\t\t<\/article>\n\t\t\t\t<article class=\"elementor-post elementor-grid-item post-832 post type-post status-publish format-standard has-post-thumbnail hentry category-bez-kategorii-pl\">\n\t\t\t\t<a class=\"elementor-post__thumbnail__link\" href=\"https:\/\/futurone.you2.pl\/en\/futurone-thermo-guard-rewolucja-w-ochronie-firm-i-obiektow-komercyjnych-przed-ociepleniem-klimatu-2\/\" tabindex=\"-1\" >\n\t\t\t<div class=\"elementor-post__thumbnail\"><img loading=\"lazy\" decoding=\"async\" width=\"600\" height=\"300\" src=\"https:\/\/futurone.you2.pl\/wp-content\/uploads\/2025\/09\/63bdd749-65a4-4c21-bcac-cedcc01b03e9-600x300-1.jpg\" class=\"attachment-1536x1536 size-1536x1536 wp-image-815\" alt=\"\" srcset=\"https:\/\/futurone.you2.pl\/wp-content\/uploads\/2025\/09\/63bdd749-65a4-4c21-bcac-cedcc01b03e9-600x300-1.jpg 600w, https:\/\/futurone.you2.pl\/wp-content\/uploads\/2025\/09\/63bdd749-65a4-4c21-bcac-cedcc01b03e9-600x300-1-300x150.jpg 300w\" sizes=\"(max-width: 600px) 100vw, 600px\" \/><\/div>\n\t\t<\/a>\n\t\t\t\t<div class=\"elementor-post__text\">\n\t\t\t\t<h3 class=\"elementor-post__title\">\n\t\t\t<a href=\"https:\/\/futurone.you2.pl\/en\/futurone-thermo-guard-rewolucja-w-ochronie-firm-i-obiektow-komercyjnych-przed-ociepleniem-klimatu-2\/\" >\n\t\t\t\tFUTURONE THERMO GUARD: Rewolucja w ochronie firm i obiekt\u00f3w komercyjnych przed ociepleniem klimatu\t\t\t<\/a>\n\t\t<\/h3>\n\t\t\t\t<div class=\"elementor-post__excerpt\">\n\t\t\t<p>W dzisiejszych czasach, gdy zmiany klimatyczne staj\u0105 si\u0119 coraz bardziej odczuwalne, ka\u017cdy w\u0142a\u015bciciel i zarz\u0105dzaj\u0105cy obiektem przemys\u0142owym stoi przed wyzwaniem skutecznej ochrony swoich zasob\u00f3w. W odpowiedzi na rosn\u0105ce temperatury oraz koszty energii, system FUTURONE THERMO GUARD oferuje innowacyjne rozwi\u0105zanie, kt\u00f3re nie tylko chroni dachy i elewacje, ale tak\u017ce przynosi znacz\u0105ce oszcz\u0119dno\u015bci energetyczne.<\/p>\n\t\t<\/div>\n\t\t\n\t\t<a class=\"elementor-post__read-more\" href=\"https:\/\/futurone.you2.pl\/en\/futurone-thermo-guard-rewolucja-w-ochronie-firm-i-obiektow-komercyjnych-przed-ociepleniem-klimatu-2\/\" aria-label=\"Read more about FUTURONE THERMO GUARD: Rewolucja w ochronie firm i obiekt\u00f3w komercyjnych przed ociepleniem klimatu\" tabindex=\"-1\" >\n\t\t\tCZYTAJ WI\u0118CEJ\t\t<\/a>\n\n\t\t\t\t<\/div>\n\t\t\t\t<\/article>\n\t\t\t\t<article class=\"elementor-post elementor-grid-item post-829 post type-post status-publish format-standard has-post-thumbnail hentry category-bez-kategorii-pl\">\n\t\t\t\t<a class=\"elementor-post__thumbnail__link\" href=\"https:\/\/futurone.you2.pl\/en\/dlaczego-warto-zainwestowac-w-powloki-termo-refleksyjne-przewaga-futurone-thermo-guard\/\" tabindex=\"-1\" >\n\t\t\t<div class=\"elementor-post__thumbnail\"><img loading=\"lazy\" decoding=\"async\" width=\"600\" height=\"300\" src=\"https:\/\/futurone.you2.pl\/wp-content\/uploads\/2025\/09\/1-1.jpg\" class=\"attachment-1536x1536 size-1536x1536 wp-image-830\" alt=\"\" srcset=\"https:\/\/futurone.you2.pl\/wp-content\/uploads\/2025\/09\/1-1.jpg 600w, https:\/\/futurone.you2.pl\/wp-content\/uploads\/2025\/09\/1-1-300x150.jpg 300w\" sizes=\"(max-width: 600px) 100vw, 600px\" \/><\/div>\n\t\t<\/a>\n\t\t\t\t<div class=\"elementor-post__text\">\n\t\t\t\t<h3 class=\"elementor-post__title\">\n\t\t\t<a href=\"https:\/\/futurone.you2.pl\/en\/dlaczego-warto-zainwestowac-w-powloki-termo-refleksyjne-przewaga-futurone-thermo-guard\/\" >\n\t\t\t\tDlaczego warto zainwestowa\u0107 w pow\u0142oki termo refleksyjne? Przewaga FUTURONE THERMO GUARD\t\t\t<\/a>\n\t\t<\/h3>\n\t\t\t\t<div class=\"elementor-post__excerpt\">\n\t\t\t<p>W dobie rosn\u0105cych koszt\u00f3w energii i nasilaj\u0105cego si\u0119 ocieplenia klimatu, inwestycja w innowacyjne rozwi\u0105zania energetyczne staje si\u0119 nie tylko korzystna, ale wr\u0119cz konieczna. Niezwykle istotnym produktem na tym polu s\u0105 pow\u0142oki termo refleksyjne, a szczeg\u00f3lnie wyr\u00f3\u017cniaj\u0105cym si\u0119 rozwi\u0105zaniem na rynku jest FUTURONE THERMO GUARD, system oferowany przez firm\u0119 FUTURON z Krakowa.<\/p>\n\t\t<\/div>\n\t\t\n\t\t<a class=\"elementor-post__read-more\" href=\"https:\/\/futurone.you2.pl\/en\/dlaczego-warto-zainwestowac-w-powloki-termo-refleksyjne-przewaga-futurone-thermo-guard\/\" aria-label=\"Read more about Dlaczego warto zainwestowa\u0107 w pow\u0142oki termo refleksyjne? Przewaga FUTURONE THERMO GUARD\" tabindex=\"-1\" >\n\t\t\tCZYTAJ WI\u0118CEJ\t\t<\/a>\n\n\t\t\t\t<\/div>\n\t\t\t\t<\/article>\n\t\t\t\t<\/div>\n\t\t\n\t\t\t\t\t\t<\/div>\n\t\t\t\t<\/div>\n\t\t\t\t<\/div>\n\t\t\t\t\t<\/div>\n\t\t\t\t<\/div>\n\t\t<div class=\"elementor-element elementor-element-6fff907 e-flex e-con-boxed e-con e-parent\" data-id=\"6fff907\" data-element_type=\"container\">\n\t\t\t\t\t<div class=\"e-con-inner\">\n\t\t<div class=\"elementor-element elementor-element-61c37e1 e-con-full e-flex e-con e-child\" data-id=\"61c37e1\" data-element_type=\"container\">\n\t\t\t\t<div class=\"elementor-element elementor-element-648e50d elementor-widget elementor-widget-heading\" data-id=\"648e50d\" data-element_type=\"widget\" data-widget_type=\"heading.default\">\n\t\t\t\t<div class=\"elementor-widget-container\">\n\t\t\t\t\t<h2 class=\"elementor-heading-title elementor-size-default\">Wsp\u00f3\u0142praca i Partnerstwa<\/h2>\t\t\t\t<\/div>\n\t\t\t\t<\/div>\n\t\t\t\t<div class=\"elementor-element elementor-element-afe63ba elementor-mobile-align-center elementor-widget elementor-widget-button\" data-id=\"afe63ba\" data-element_type=\"widget\" data-widget_type=\"button.default\">\n\t\t\t\t<div class=\"elementor-widget-container\">\n\t\t\t\t\t\t\t\t\t<div class=\"elementor-button-wrapper\">\n\t\t\t\t\t<a class=\"elementor-button elementor-button-link elementor-size-sm\" href=\"#\">\n\t\t\t\t\t\t<span class=\"elementor-button-content-wrapper\">\n\t\t\t\t\t\t<span class=\"elementor-button-icon\">\n\t\t\t\t<svg aria-hidden=\"true\" class=\"e-font-icon-svg e-fas-long-arrow-alt-right\" viewbox=\"0 0 448 512\" xmlns=\"http:\/\/www.w3.org\/2000\/svg\"><path d=\"M313.941 216H12c-6.627 0-12 5.373-12 12v56c0 6.627 5.373 12 12 12h301.941v46.059c0 21.382 25.851 32.09 40.971 16.971l86.059-86.059c9.373-9.373 9.373-24.569 0-33.941l-86.059-86.059c-15.119-15.119-40.971-4.411-40.971 16.971V216z\"><\/path><\/svg>\t\t\t<\/span>\n\t\t\t\t\t\t\t\t\t<span class=\"elementor-button-text\">Skontaktuj si\u0119 z nami<\/span>\n\t\t\t\t\t<\/span>\n\t\t\t\t\t<\/a>\n\t\t\t\t<\/div>\n\t\t\t\t\t\t\t\t<\/div>\n\t\t\t\t<\/div>\n\t\t\t\t<\/div>\n\t\t<div class=\"elementor-element elementor-element-ac8924f e-con-full e-flex e-con e-child\" data-id=\"ac8924f\" data-element_type=\"container\">\n\t\t\t\t<div class=\"elementor-element elementor-element-eac8f3e elementor-widget elementor-widget-text-editor\" data-id=\"eac8f3e\" data-element_type=\"widget\" data-widget_type=\"text-editor.default\">\n\t\t\t\t<div class=\"elementor-widget-container\">\n\t\t\t\t\t\t\t\t\tJako innowatorzy w swojej dziedzinie, aktywnie uczestniczymy w projektach dotacyjnych UE, wsp\u00f3\u0142pracuj\u0105c z Politechnik\u0105 Krakowsk\u0105 w ramach konsorcjum.\n\nNasi Partnerzy &#8211; audytorzy energetyczni Firmy SOLISA  rekomenduj\u0105 nasze produkty swoim klientom, znaj\u0105c ich zalety i u\u017cyteczno\u015b\u0107.\n\nFuturon Waste Tech to nie tylko firma, to ekosystem wiedzy, innowacji i praktycznych zastosowa\u0144, kt\u00f3ry tworzymy razem z naszymi Partnerami i Klientami. Zapraszamy do \u015bwiata nowoczesnych rozwi\u0105za\u0144, kt\u00f3re kszta\u0142tuj\u0105 przysz\u0142o\u015b\u0107 przemys\u0142u.\t\t\t\t\t\t\t\t<\/div>\n\t\t\t\t<\/div>\n\t\t\t\t<\/div>\n\t\t\t\t\t<\/div>\n\t\t\t\t<\/div>\n\t\t\t\t<\/div>","protected":false},"excerpt":{"rendered":"<p>Aktualno\u015bci B\u0105d\u017a na bie\u017c\u0105co z najnowszymi wydarzeniami, aktualizacjami i zapowiedziami. Wsp\u00f3\u0142praca i Partnerstwa Skontaktuj si\u0119 z nami Jako innowatorzy w swojej dziedzinie, aktywnie uczestniczymy w projektach dotacyjnych UE, wsp\u00f3\u0142pracuj\u0105c z Politechnik\u0105 Krakowsk\u0105 w ramach konsorcjum. Nasi Partnerzy &#8211; audytorzy energetyczni Firmy SOLISA rekomenduj\u0105 nasze produkty swoim klientom, znaj\u0105c ich zalety i u\u017cyteczno\u015b\u0107. Futuron Waste Tech [&hellip;]<\/p>","protected":false},"author":1,"featured_media":0,"parent":0,"menu_order":0,"comment_status":"closed","ping_status":"open","template":"elementor_header_footer","meta":{"_acf_changed":false,"footnotes":""},"class_list":["post-807","page","type-page","status-publish","hentry"],"acf":[],"_links":{"self":[{"href":"https:\/\/futurone.you2.pl\/en\/wp-json\/wp\/v2\/pages\/807","targetHints":{"allow":["GET"]}}],"collection":[{"href":"https:\/\/futurone.you2.pl\/en\/wp-json\/wp\/v2\/pages"}],"about":[{"href":"https:\/\/futurone.you2.pl\/en\/wp-json\/wp\/v2\/types\/page"}],"author":[{"embeddable":true,"href":"https:\/\/futurone.you2.pl\/en\/wp-json\/wp\/v2\/users\/1"}],"replies":[{"embeddable":true,"href":"https:\/\/futurone.you2.pl\/en\/wp-json\/wp\/v2\/comments?post=807"}],"version-history":[{"count":8,"href":"https:\/\/futurone.you2.pl\/en\/wp-json\/wp\/v2\/pages\/807\/revisions"}],"predecessor-version":[{"id":819,"href":"https:\/\/futurone.you2.pl\/en\/wp-json\/wp\/v2\/pages\/807\/revisions\/819"}],"wp:attachment":[{"href":"https:\/\/futurone.you2.pl\/en\/wp-json\/wp\/v2\/media?parent=807"}],"curies":[{"name":"wp","href":"https:\/\/api.w.org\/{rel}","templated":true}]}}